{"id":758,"date":"2020-10-28T18:40:16","date_gmt":"2020-10-28T17:40:16","guid":{"rendered":"https:\/\/www.szfs.cloud\/?page_id=758"},"modified":"2022-03-11T18:34:53","modified_gmt":"2022-03-11T17:34:53","slug":"come-mettere-in-pausa-la-sincronizzazione","status":"publish","type":"page","link":"https:\/\/www.szfs.cloud\/?page_id=758","title":{"rendered":"Mettere in pausa o riprendere la sincronizzazione di SZFS Drive"},"content":{"rendered":"\n<p>Puoi mettere in pausa o riprendere la sincronizzazione dei dati su SZFS Drive quando vuoi.<br>Tale operazione \u00e8 possibile solamente su applicazioni desktop (Windows, macOS, Linux).<\/p>\n\n\n\n<p>Per prima cosa, individua l&#8217;applicazione nella barra delle applicazioni:<\/p>\n\n\n\n<ul class=\"wp-block-list\"><li>Se l&#8217;icona \u00e8 simile alla seguente: <img loading=\"lazy\" decoding=\"async\" width=\"33\" height=\"24\" class=\"wp-image-744\" style=\"width: 33px;\" src=\"https:\/\/www.szfs.cloud\/wp-content\/uploads\/2020\/10\/szfs_drive_system_tray_ok.png\" alt=\"\"> , allora la sincronizzazione \u00e8 attiva e sincronizzer\u00e0 ogni cambiamento che verr\u00e0 eseguito nella cartella di sincronizzazione.<\/li><li>Se l&#8217;icona \u00e8 simile alla seguente: <img loading=\"lazy\" decoding=\"async\" width=\"40\" height=\"24\" class=\"wp-image-745\" style=\"width: 40px;\" src=\"https:\/\/www.szfs.cloud\/wp-content\/uploads\/2020\/10\/szfs_drive_system_tray_pause-e1603898330235.png\" alt=\"\"> , allora la tua sincronizzazione \u00e8 in pausa, di conseguenza i cambiamenti nella cartella di sincronizzazione non verranno sincronizzati.<\/li><li>Se invece l&#8217;icona \u00e8 simile alla seguente: <img loading=\"lazy\" decoding=\"async\" width=\"40\" height=\"24\" class=\"wp-image-746\" style=\"width: 40px;\" src=\"https:\/\/www.szfs.cloud\/wp-content\/uploads\/2020\/10\/szfs_drive_system_tray_interrupt.png\" alt=\"\"> , allora si sono verificati dei problemi di connessione tra il tuo dispositivo ed i server SZFS, scopri <a href=\"https:\/\/www.szfs.cloud\/?page_id=740\"><span class=\"has-inline-color has-vivid-cyan-blue-color\">cosa fare se la sincronizzazione dei dati non viene eseguita<\/span><\/a><\/li><\/ul>\n\n\n\n<p><\/p>\n\n\n<div class=\"wp-block-ub-content-toggle wp-block-ub-content-toggle-block\" id=\"ub-content-toggle-block-53d33114-5fb0-4e30-bc54-d32d8dffef1d\" data-mobilecollapse=\"true\" data-desktopcollapse=\"true\" data-preventcollapse=\"false\" data-showonlyone=\"false\">\n<div class=\"wp-block-ub-content-toggle-accordion\" style=\"border-color: #f1f1f1; \" id=\"ub-content-toggle-panel-block-\">\n\t\t\t<div class=\"wp-block-ub-content-toggle-accordion-title-wrap\" style=\"background-color: #f1f1f1;\" aria-controls=\"ub-content-toggle-panel-0-53d33114-5fb0-4e30-bc54-d32d8dffef1d\" tabindex=\"0\">\n\t\t\t<p class=\"wp-block-ub-content-toggle-accordion-title ub-content-toggle-title-53d33114-5fb0-4e30-bc54-d32d8dffef1d\" style=\"color: #000000; \">Mettere in pausa la sincronizzazione dei dati<\/p>\n\t\t\t<div class=\"wp-block-ub-content-toggle-accordion-toggle-wrap right\" style=\"color: #000000;\"><span class=\"wp-block-ub-content-toggle-accordion-state-indicator wp-block-ub-chevron-down\"><\/span><\/div>\n\t\t<\/div>\n\t\t\t<div role=\"region\" aria-expanded=\"false\" class=\"wp-block-ub-content-toggle-accordion-content-wrap ub-hide\" id=\"ub-content-toggle-panel-0-53d33114-5fb0-4e30-bc54-d32d8dffef1d\">\n\n<p>Premessa: Assicurati che l&#8217;icona del client presente nella barra delle applicazioni sia simile a <img loading=\"lazy\" decoding=\"async\" width=\"33\" height=\"24\" class=\"wp-image-744\" style=\"width: 33px;\" src=\"https:\/\/www.szfs.cloud\/wp-content\/uploads\/2020\/10\/szfs_drive_system_tray_ok.png\" alt=\"\"><\/p>\n\n\n\n<ol class=\"wp-block-list\"><li>Fare click sull&#8217;icona del client<\/li><li>Fare click su <strong>Pause synchronization<\/strong><\/li><li>L&#8217;icona del client diventer\u00e0 simile a <img loading=\"lazy\" decoding=\"async\" width=\"40\" height=\"24\" class=\"wp-image-745\" style=\"width: 40px;\" src=\"https:\/\/www.szfs.cloud\/wp-content\/uploads\/2020\/10\/szfs_drive_system_tray_pause-e1603898330235.png\" alt=\"\"><\/li><\/ol>\n\n\n\n<p><\/p>\n\n\n\n<p>In alternativa puoi anche eseguire i seguenti passaggi:<\/p>\n\n\n\n<ol class=\"wp-block-list\"><li>Fare click sull&#8217;icona del client<\/li><li>Fare click su <strong>Settings<\/strong><\/li><li>Fare click su <strong>&#8230; <\/strong>e successivamente fare click su <strong>Pause Sync<\/strong><\/li><li>L&#8217;icona del client diventer\u00e0 simile a <img loading=\"lazy\" decoding=\"async\" width=\"40\" height=\"24\" class=\"wp-image-745\" style=\"width: 40px;\" src=\"https:\/\/www.szfs.cloud\/wp-content\/uploads\/2020\/10\/szfs_drive_system_tray_pause-e1603898330235.png\" alt=\"\"><\/li><\/ol>\n\n<\/div>\n\t\t<\/div>\n<\/div>\n\n<div class=\"wp-block-ub-content-toggle wp-block-ub-content-toggle-block\" id=\"ub-content-toggle-block-afafe24f-da57-447a-ae2c-b5ec121cbce8\" data-mobilecollapse=\"true\" data-desktopcollapse=\"true\" data-preventcollapse=\"false\" data-showonlyone=\"false\">\n<div class=\"wp-block-ub-content-toggle-accordion\" style=\"border-color: #f1f1f1; \" id=\"ub-content-toggle-panel-block-\">\n\t\t\t<div class=\"wp-block-ub-content-toggle-accordion-title-wrap\" style=\"background-color: #f1f1f1;\" aria-controls=\"ub-content-toggle-panel-0-afafe24f-da57-447a-ae2c-b5ec121cbce8\" tabindex=\"0\">\n\t\t\t<p class=\"wp-block-ub-content-toggle-accordion-title ub-content-toggle-title-afafe24f-da57-447a-ae2c-b5ec121cbce8\" style=\"color: #000000; \">Riprendere la sincronizzazione dei dati<\/p>\n\t\t\t<div class=\"wp-block-ub-content-toggle-accordion-toggle-wrap right\" style=\"color: #000000;\"><span class=\"wp-block-ub-content-toggle-accordion-state-indicator wp-block-ub-chevron-down\"><\/span><\/div>\n\t\t<\/div>\n\t\t\t<div role=\"region\" aria-expanded=\"false\" class=\"wp-block-ub-content-toggle-accordion-content-wrap ub-hide\" id=\"ub-content-toggle-panel-0-afafe24f-da57-447a-ae2c-b5ec121cbce8\">\n\n<p>Premessa: Assicurati che l&#8217;icona del client presente nella barra delle applicazioni sia simile a <img loading=\"lazy\" decoding=\"async\" width=\"40\" height=\"24\" class=\"wp-image-745\" style=\"width: 40px;\" src=\"https:\/\/www.szfs.cloud\/wp-content\/uploads\/2020\/10\/szfs_drive_system_tray_pause-e1603898330235.png\" alt=\"\"><\/p>\n\n\n\n<ol class=\"wp-block-list\"><li>Fare click sull&#8217;icona del client<\/li><li>Fare click su <strong>Unpause syncronization<\/strong><\/li><li>L&#8217;icona del client diventer\u00e0 simile a <img loading=\"lazy\" decoding=\"async\" width=\"33\" height=\"24\" class=\"wp-image-744\" style=\"width: 33px;\" src=\"https:\/\/www.szfs.cloud\/wp-content\/uploads\/2020\/10\/szfs_drive_system_tray_ok.png\" alt=\"\"><\/li><\/ol>\n\n\n\n<p><\/p>\n\n\n\n<p>In alternativa puoi anche eseguire i seguenti passaggi:<\/p>\n\n\n\n<ol class=\"wp-block-list\"><li>Fare click sull&#8217;icona del client<\/li><li>Fare click su <strong>Settings<\/strong><\/li><li>Fare click su <strong>&#8230;<\/strong> e successivamente fare click su <strong>Resume sync<\/strong><\/li><li>L&#8217;icona del client diventer\u00e0 simile a <img loading=\"lazy\" decoding=\"async\" width=\"33\" height=\"24\" class=\"wp-image-744\" style=\"width: 33px;\" src=\"https:\/\/www.szfs.cloud\/wp-content\/uploads\/2020\/10\/szfs_drive_system_tray_ok.png\" alt=\"\"><\/li><\/ol>\n\n<\/div>\n\t\t<\/div>\n<\/div>","protected":false},"excerpt":{"rendered":"<p>Puoi mettere in pausa o riprendere la sincronizzazione dei dati su SZFS Drive quando vuoi.Tale operazione \u00e8 possibile solamente su applicazioni desktop (Windows, macOS, Linux). Per prima cosa, individua l&#8217;applicazione nella barra delle applicazioni: Se l&#8217;icona \u00e8 simile alla seguente: , allora la sincronizzazione \u00e8 attiva e sincronizzer\u00e0 ogni cambiamento che verr\u00e0 eseguito nella cartella [&hellip;]<\/p>\n","protected":false},"author":1,"featured_media":0,"parent":0,"menu_order":0,"comment_status":"closed","ping_status":"closed","template":"","meta":{"footnotes":""},"class_list":["post-758","page","type-page","status-publish","hentry"],"featured_image_src":null,"_links":{"self":[{"href":"https:\/\/www.szfs.cloud\/index.php?rest_route=\/wp\/v2\/pages\/758","targetHints":{"allow":["GET"]}}],"collection":[{"href":"https:\/\/www.szfs.cloud\/index.php?rest_route=\/wp\/v2\/pages"}],"about":[{"href":"https:\/\/www.szfs.cloud\/index.php?rest_route=\/wp\/v2\/types\/page"}],"author":[{"embeddable":true,"href":"https:\/\/www.szfs.cloud\/index.php?rest_route=\/wp\/v2\/users\/1"}],"replies":[{"embeddable":true,"href":"https:\/\/www.szfs.cloud\/index.php?rest_route=%2Fwp%2Fv2%2Fcomments&post=758"}],"version-history":[{"count":0,"href":"https:\/\/www.szfs.cloud\/index.php?rest_route=\/wp\/v2\/pages\/758\/revisions"}],"wp:attachment":[{"href":"https:\/\/www.szfs.cloud\/index.php?rest_route=%2Fwp%2Fv2%2Fmedia&parent=758"}],"curies":[{"name":"wp","href":"https:\/\/api.w.org\/{rel}","templated":true}]}}