{"id":645,"date":"2020-07-03T17:42:04","date_gmt":"2020-07-03T15:42:04","guid":{"rendered":"https:\/\/www.szfs.cloud\/?page_id=645"},"modified":"2020-07-04T01:19:26","modified_gmt":"2020-07-03T23:19:26","slug":"informazioni-generiche-riguardanti-lo-sviluppo-di-software-szfs-soft","status":"publish","type":"page","link":"https:\/\/www.szfs.cloud\/?page_id=645","title":{"rendered":"Informazioni generiche riguardanti lo sviluppo di software (SZFS Soft)"},"content":{"rendered":"\n<p>SZFS Soft \u00e8 un servizio offerto da SZFS che consente ad un utente di realizzare un software sviluppato ad-hoc in base alle proprie esigenze.<br>In questa pagina troverai alcune informazioni generiche riguardanti lo sviluppo di un generico software da parte di SZFS.<br><strong>DISCLAIMER:<\/strong> Queste sono informazioni generiche e possono variare durante la fase di analisi con l&#8217;utente.<\/p>\n\n\n\n<p><strong>Fasi di sviluppo del software:<\/strong><\/p>\n\n\n\n<p>Generalmente, SZFS segue le seguenti fasi durante lo sviluppo di un determinato software:<\/p>\n\n\n\n<ul class=\"wp-block-list\"><li>Fase di analisi<\/li><li>Fase di progettazione<\/li><li>Fase di implementazione<\/li><li>Fase di testing e rilascio<\/li><li>Fase di manutenzione<\/li><\/ul>\n\n\n\n<p>Durante la <strong>Fase di analisi<\/strong>, riceveremo l&#8217;utente e cercheremo di comprendere le sue esigenze, aspettative e obiettivi che vuole raggiungere sviluppando un prodotto.<br>E&#8217; molto importante in questa fase, evitare errori o incertezze che incideranno in maniera significativa durante lo sviluppo del prodotto richiesto.<br>E&#8217; possibile che siano necessari pi\u00f9 incontri in cui verranno analizzati con chiarezza le caratteristiche e le funzionalit\u00e0 che l&#8217;utente vuole vedere implementate.<br>Verranno anche analizzati i requisiti hardware e software che permettono all&#8217;utente una fruizione migliore del prodotto.<br>E&#8217; prevista anche un&#8217;analisi di fattibilit\u00e0 del progetto in modo da poter determinare i costi ed il tempo necessario in accordo con l&#8217;utente.<br>Se l&#8217;utente accetta l&#8217;offerta allora si passer\u00e0 alla fase di progettazione.<\/p>\n\n\n\n<p>Durante la <strong>Fase di progettazione<\/strong> verranno realizzati dei documenti formali attraverso specifici linguaggi (come ad esempio UML) che poi verranno impiegati durante la Fase di implementazione.<\/p>\n\n\n\n<p>Durante la <strong>Fase di implementazione<\/strong>, verranno impiegati i documenti redatti in fase di analisi e progettazione per implementare (scrivere) un programma impiegando il linguaggio di programmazione pi\u00f9 idoneo per il progetto.<br>Al termine della fase di implementazione sussegue la fase di testing.<\/p>\n\n\n\n<p>Nella <strong>Fase di testing<\/strong> <strong>e rilascio<\/strong>, si verifica che il prodotto sviluppato sia conforme alle esigenze dell&#8217;utente e si verifica che non siano presenti errori e\/o malfunzionamenti.<br>Questa fase \u00e8 fondamentale per verificare la robustezza di un prodotto.<br>Il prodotto inizialmente viene testato da SZFS, successivamente viene consegnato all&#8217;utente che certificher\u00e0 che il software \u00e8 conforme alle sue esigenze oppure lo respinger\u00e0 facendo ritornare il prodotto in fase di implementazione.<br>In taluni casi, nel caso in cui il programma risulti difforme, l&#8217;utente ha la facolt\u00e0 di chiedere la risoluzione del contratto ed il risarcimento di un eventuale anticipo versato.<br>Prima del rilascio definitivo, l&#8217;utente pu\u00f2 richiedere 14 giorni in cui potr\u00e0 testare a fondo il programma. <br>Dopo questo lasso di tempo l&#8217;utente dovr\u00e0 estinguere il debito con SZFS per continuare l&#8217;utilizzo del prodotto.<br>SZFS implementa alcune librerie proprietarie all&#8217;interno del software sviluppato a scopo di tutela come <strong>SZFS Genuine Validate<\/strong>.<br>SZFS Genuine Validate \u00e8 un sistema di gestione delle licenze che consente di interrompere e\/o abilitare il funzionamento di un certo software sviluppato in caso di inottemperanza da parte dell&#8217;utente.<br>Successivamente alla fase di testing e rilascio, sussegue la fase di manutenzione.<\/p>\n\n\n\n<p>Nella <strong>Fase di manutenzione<\/strong>, verranno corretti eventuali errori e\/o malfunzionamenti che non sono stati corretti nella fase di testing perch\u00e8 non ancora scoperti.<br>E&#8217; anche possibile seguire un approccio evolutivo in cui verranno implementate\/rimosse nuove funzionalit\u00e0 a discrezione dell&#8217;utente.<br>SZFS concede 6 mesi gratuiti in cui esegue modifiche alle funzionalit\u00e0 di un software gi\u00e0 rilasciato purch\u00e8 tali modifiche non impattino in modo significativo sull&#8217;intero progetto (modifiche non molto invasive).<br>Al termine dei 6 mesi gratuiti, per l&#8217;aggiunta\/modifica di funzionalit\u00e0, \u00e8 necessario concordare un nuovo contratto.<br><strong>SZFS non addebita costi aggiuntivi per le correzioni di errori (bug).<\/strong><\/p>\n","protected":false},"excerpt":{"rendered":"<p>SZFS Soft \u00e8 un servizio offerto da SZFS che consente ad un utente di realizzare un software sviluppato ad-hoc in base alle proprie esigenze.In questa pagina troverai alcune informazioni generiche riguardanti lo sviluppo di un generico software da parte di SZFS.DISCLAIMER: Queste sono informazioni generiche e possono variare durante la fase di analisi con l&#8217;utente. [&hellip;]<\/p>\n","protected":false},"author":1,"featured_media":0,"parent":0,"menu_order":0,"comment_status":"closed","ping_status":"closed","template":"","meta":{"footnotes":""},"class_list":["post-645","page","type-page","status-publish","hentry"],"featured_image_src":null,"_links":{"self":[{"href":"https:\/\/www.szfs.cloud\/index.php?rest_route=\/wp\/v2\/pages\/645","targetHints":{"allow":["GET"]}}],"collection":[{"href":"https:\/\/www.szfs.cloud\/index.php?rest_route=\/wp\/v2\/pages"}],"about":[{"href":"https:\/\/www.szfs.cloud\/index.php?rest_route=\/wp\/v2\/types\/page"}],"author":[{"embeddable":true,"href":"https:\/\/www.szfs.cloud\/index.php?rest_route=\/wp\/v2\/users\/1"}],"replies":[{"embeddable":true,"href":"https:\/\/www.szfs.cloud\/index.php?rest_route=%2Fwp%2Fv2%2Fcomments&post=645"}],"version-history":[{"count":0,"href":"https:\/\/www.szfs.cloud\/index.php?rest_route=\/wp\/v2\/pages\/645\/revisions"}],"wp:attachment":[{"href":"https:\/\/www.szfs.cloud\/index.php?rest_route=%2Fwp%2Fv2%2Fmedia&parent=645"}],"curies":[{"name":"wp","href":"https:\/\/api.w.org\/{rel}","templated":true}]}}