{"id":579,"date":"2020-04-16T22:06:13","date_gmt":"2020-04-16T20:06:13","guid":{"rendered":"https:\/\/www.szfs.cloud\/?page_id=579"},"modified":"2022-03-11T18:35:47","modified_gmt":"2022-03-11T17:35:47","slug":"come-ripristinare-un-file-ad-una-versione-precedente-in-szfs-drive","status":"publish","type":"page","link":"https:\/\/www.szfs.cloud\/?page_id=579","title":{"rendered":"Ripristinare un file ad una versione precedente in SZFS Drive"},"content":{"rendered":"\n<p>Puoi ripristinare un file ad una versione precedente in SZFS Drive se la modifica \u00e8 stata compiuta entro 30 giorni.<br>Puoi eseguire questa operazione solamente dall&#8217;applicazione web.<br><br><strong>NOTA: Se esaurisci lo spazio, il sistema canceller\u00e0 in automatico le versioni precedenti dei file dalla pi\u00f9 vecchia alla pi\u00f9 recente in modo da recuperare spazio per la memorizzazione di nuovi files.<\/strong><\/p>\n\n\n\n<p><\/p>\n\n\n<div class=\"wp-block-ub-content-toggle wp-block-ub-content-toggle-block\" id=\"ub-content-toggle-block-5404c84a-0324-47f5-b24e-098f63f58678\" data-mobilecollapse=\"true\" data-desktopcollapse=\"true\" data-preventcollapse=\"false\" data-showonlyone=\"false\">\n<div class=\"wp-block-ub-content-toggle-accordion\" style=\"border-color: #f1f1f1; \" id=\"ub-content-toggle-panel-block-\">\n\t\t\t<div class=\"wp-block-ub-content-toggle-accordion-title-wrap\" style=\"background-color: #f1f1f1;\" aria-controls=\"ub-content-toggle-panel-0-5404c84a-0324-47f5-b24e-098f63f58678\" tabindex=\"0\">\n\t\t\t<p class=\"wp-block-ub-content-toggle-accordion-title ub-content-toggle-title-5404c84a-0324-47f5-b24e-098f63f58678\" style=\"color: #000000; \">Ripristinare un file ad una sua versione precedente tramite l&#8217;applicazione web<\/p>\n\t\t\t<div class=\"wp-block-ub-content-toggle-accordion-toggle-wrap right\" style=\"color: #000000;\"><span class=\"wp-block-ub-content-toggle-accordion-state-indicator wp-block-ub-chevron-down\"><\/span><\/div>\n\t\t<\/div>\n\t\t\t<div role=\"region\" aria-expanded=\"false\" class=\"wp-block-ub-content-toggle-accordion-content-wrap ub-hide\" id=\"ub-content-toggle-panel-0-5404c84a-0324-47f5-b24e-098f63f58678\">\n\n<ol class=\"wp-block-list\"><li>Recarsi all\u2019indirizzo\u00a0<a href=\"https:\/\/drive.szfs.cloud\/\" target=\"_blank\" rel=\"noreferrer noopener\"><mark style=\"background-color:rgba(0, 0, 0, 0)\" class=\"has-inline-color has-vivid-cyan-blue-color\">https:\/\/drive.szfs.cloud<\/mark><\/a>\u00a0e digitare le proprie credenziali di accesso nella schermata che appare a video.<\/li><li>Raggiungere il file su cui eseguire la modifica (se invece hai eliminato un file e desideri ripristinarlo, segui <a href=\"https:\/\/www.szfs.cloud\/?page_id=462\"><mark style=\"background-color:rgba(0, 0, 0, 0)\" class=\"has-inline-color has-vivid-cyan-blue-color\">questa guida<\/mark><\/a>)<\/li><li>Premere su <strong>&#8230;<\/strong>  in prossimit\u00e0 del file e successivamente su <strong>Dettagli<\/strong>.<\/li><li>Sul men\u00f9 che appare premere su <strong>Versioni<\/strong><\/li><li>Se sono presenti versioni precedenti del file, verr\u00e0 visualizzata una lista di file ordinati in base all&#8217;ultima modifica apportata.<\/li><li>Selezionare la versione del file da ripristinare e premere su <img loading=\"lazy\" decoding=\"async\" width=\"30\" height=\"30\" class=\"wp-image-584\" style=\"width: 30px;\" src=\"https:\/\/www.szfs.cloud\/wp-content\/uploads\/2020\/04\/szfs-drive-restore-version-button.png\" alt=\"\"><\/li><\/ol>\n\n<\/div>\n\t\t<\/div>\n<\/div>","protected":false},"excerpt":{"rendered":"<p>Puoi ripristinare un file ad una versione precedente in SZFS Drive se la modifica \u00e8 stata compiuta entro 30 giorni.Puoi eseguire questa operazione solamente dall&#8217;applicazione web. NOTA: Se esaurisci lo spazio, il sistema canceller\u00e0 in automatico le versioni precedenti dei file dalla pi\u00f9 vecchia alla pi\u00f9 recente in modo da recuperare spazio per la memorizzazione [&hellip;]<\/p>\n","protected":false},"author":1,"featured_media":0,"parent":0,"menu_order":0,"comment_status":"closed","ping_status":"closed","template":"","meta":{"footnotes":""},"class_list":["post-579","page","type-page","status-publish","hentry"],"featured_image_src":null,"_links":{"self":[{"href":"https:\/\/www.szfs.cloud\/index.php?rest_route=\/wp\/v2\/pages\/579","targetHints":{"allow":["GET"]}}],"collection":[{"href":"https:\/\/www.szfs.cloud\/index.php?rest_route=\/wp\/v2\/pages"}],"about":[{"href":"https:\/\/www.szfs.cloud\/index.php?rest_route=\/wp\/v2\/types\/page"}],"author":[{"embeddable":true,"href":"https:\/\/www.szfs.cloud\/index.php?rest_route=\/wp\/v2\/users\/1"}],"replies":[{"embeddable":true,"href":"https:\/\/www.szfs.cloud\/index.php?rest_route=%2Fwp%2Fv2%2Fcomments&post=579"}],"version-history":[{"count":0,"href":"https:\/\/www.szfs.cloud\/index.php?rest_route=\/wp\/v2\/pages\/579\/revisions"}],"wp:attachment":[{"href":"https:\/\/www.szfs.cloud\/index.php?rest_route=%2Fwp%2Fv2%2Fmedia&parent=579"}],"curies":[{"name":"wp","href":"https:\/\/api.w.org\/{rel}","templated":true}]}}