{"id":1632,"date":"2022-03-14T19:05:49","date_gmt":"2022-03-14T18:05:49","guid":{"rendered":"https:\/\/www.szfs.cloud\/?page_id=1632"},"modified":"2022-03-14T19:07:43","modified_gmt":"2022-03-14T18:07:43","slug":"verificare-lo-spazio-libero-su-szfs-drive","status":"publish","type":"page","link":"https:\/\/www.szfs.cloud\/?page_id=1632","title":{"rendered":"Verificare lo spazio libero su SZFS Drive"},"content":{"rendered":"\n<p>SZFS Drive viene fornito con una grande variet\u00e0 di <a href=\"https:\/\/www.szfs.cloud\/?page_id=1101\"><mark style=\"background-color:rgba(0, 0, 0, 0)\" class=\"has-inline-color has-vivid-cyan-blue-color\">piani<\/mark><\/a> che possono adattarsi per quasi tutte le esigenze dell&#8217;utente finale.<br>Tuttavia pu\u00f2 essere utile verificare lo spazio libero rimanente sul proprio SZFS Drive onde evitare di non poter pi\u00f9 eseguire la sincronizzazione dei dati.<\/p>\n\n\n\n<p>Di seguito potr\u00e0 interessarti anche quali sono i dati che possono occupare spazio sul proprio SZFS Drive.<\/p>\n\n\n<div class=\"wp-block-ub-content-toggle wp-block-ub-content-toggle-block\" id=\"ub-content-toggle-block-a8502689-8c07-4d57-85ad-f13d9d1fee9b\" data-mobilecollapse=\"true\" data-desktopcollapse=\"true\" data-preventcollapse=\"false\" data-showonlyone=\"false\">\n<div class=\"wp-block-ub-content-toggle-accordion\" style=\"border-color: #f1f1f1; \" id=\"ub-content-toggle-panel-block-\">\n\t\t\t<div class=\"wp-block-ub-content-toggle-accordion-title-wrap\" style=\"background-color: #f1f1f1;\" aria-controls=\"ub-content-toggle-panel-0-a8502689-8c07-4d57-85ad-f13d9d1fee9b\" tabindex=\"0\">\n\t\t\t<p class=\"wp-block-ub-content-toggle-accordion-title ub-content-toggle-title-a8502689-8c07-4d57-85ad-f13d9d1fee9b\" style=\"color: #000000; \">Cosa occupa spazio sul proprio SZFS Drive?<\/p>\n\t\t\t<div class=\"wp-block-ub-content-toggle-accordion-toggle-wrap right\" style=\"color: #000000;\"><span class=\"wp-block-ub-content-toggle-accordion-state-indicator wp-block-ub-chevron-down\"><\/span><\/div>\n\t\t<\/div>\n\t\t\t<div role=\"region\" aria-expanded=\"false\" class=\"wp-block-ub-content-toggle-accordion-content-wrap ub-hide\" id=\"ub-content-toggle-panel-0-a8502689-8c07-4d57-85ad-f13d9d1fee9b\">\n\n<p>Quando acquisti un piano SZFS Drive, di qualsiasi dimensione esso sia, lo spazio viene occupato solo se svolgi le seguenti operazioni:<\/p>\n\n\n\n<ul class=\"wp-block-list\"><li><strong>Caricamento di file<\/strong> (ad esempio una foto o un video)<\/li><li><strong>Modifica di un file <\/strong>(se il file modificato inizialmente pesa 1MB e dopo la modifica esso pesa 2MB allora verr\u00e0 occupata la differenza delle due dimensioni)<\/li><li><strong>Caricamento di promemoria, contatti , eventi sul calendario<\/strong><\/li><li><strong>Ripristino di un file dal cestino<\/strong><\/li><\/ul>\n\n\n\n<p>Ci sono per\u00f2 alcune operazioni che <strong>non<\/strong> comportano l&#8217;occupazione di spazio sul proprio SZFS Drive:<\/p>\n\n\n\n<ul class=\"wp-block-list\"><li><strong>Spostamento di un file nel cestino<\/strong> (Se un file viene spostato nel cestino esso non occuper\u00e0 pi\u00f9 spazio sul proprio Drive)<br>Potrebbe interessarti: <a href=\"https:\/\/www.szfs.cloud\/?page_id=1496\"><mark style=\"background-color:rgba(0, 0, 0, 0)\" class=\"has-inline-color has-vivid-cyan-blue-color\">Eliminare un file o una cartella in SZFS Drive<\/mark><\/a><\/li><li><strong>Ricezione di una condivisione da un utente SZFS Drive <\/strong>(Se ricevi una condivisione di un file\/cartella da un utente SZFS Drive, allora essa non occuper\u00e0 spazio sul tuo archivio.)<br><mark style=\"background-color:rgba(0, 0, 0, 0)\" class=\"has-inline-color has-vivid-red-color\">NOTA: La condivisione non occuper\u00e0 spazio <strong>solo sull&#8217;utente ricevente<\/strong>! Ci\u00f2 significa che l&#8217;utente mittente (ovvero quello che condivide) vedr\u00e0 diminuire regolarmente il proprio spazio.<\/mark><\/li><\/ul>\n\n<\/div>\n\t\t<\/div>\n<\/div>\n\n\n<p>Puoi verificare lo spazio libero del tuo SZFS Drive usando l&#8217;<strong>applicazione web<\/strong>, le <strong>applicazioni desktop<\/strong> e <strong>mobili<\/strong>.<\/p>\n\n\n\n<p><\/p>\n\n\n<div class=\"wp-block-ub-content-toggle wp-block-ub-content-toggle-block\" id=\"ub-content-toggle-block-dd6d5e6c-d1bf-4aa4-a966-7ced4dd44bbc\" data-mobilecollapse=\"true\" data-desktopcollapse=\"true\" data-preventcollapse=\"false\" data-showonlyone=\"false\">\n<div class=\"wp-block-ub-content-toggle-accordion\" style=\"border-color: #f1f1f1; \" id=\"ub-content-toggle-panel-block-\">\n\t\t\t<div class=\"wp-block-ub-content-toggle-accordion-title-wrap\" style=\"background-color: #f1f1f1;\" aria-controls=\"ub-content-toggle-panel-0-dd6d5e6c-d1bf-4aa4-a966-7ced4dd44bbc\" tabindex=\"0\">\n\t\t\t<p class=\"wp-block-ub-content-toggle-accordion-title ub-content-toggle-title-dd6d5e6c-d1bf-4aa4-a966-7ced4dd44bbc\" style=\"color: #000000; \">Verificare lo spazio libero usando l&#8217;applicazione web<\/p>\n\t\t\t<div class=\"wp-block-ub-content-toggle-accordion-toggle-wrap right\" style=\"color: #000000;\"><span class=\"wp-block-ub-content-toggle-accordion-state-indicator wp-block-ub-chevron-down\"><\/span><\/div>\n\t\t<\/div>\n\t\t\t<div role=\"region\" aria-expanded=\"false\" class=\"wp-block-ub-content-toggle-accordion-content-wrap ub-hide\" id=\"ub-content-toggle-panel-0-dd6d5e6c-d1bf-4aa4-a966-7ced4dd44bbc\">\n\n<p>Puoi verificare lo spazio libero sul proprio SZFS Drive con l&#8217;applicazione web seguendo i seguenti passaggi:<\/p>\n\n\n\n<ol class=\"wp-block-list\"><li>Recarsi all&#8217;indirizzo <a href=\"https:\/\/drive.szfs.cloud\" target=\"_blank\" rel=\"noreferrer noopener\"><mark style=\"background-color:rgba(0, 0, 0, 0)\" class=\"has-inline-color has-vivid-cyan-blue-color\">https:\/\/drive.szfs.cloud<\/mark><\/a> e digitare le proprie credenziali di accesso nella schermata che appare a video.<\/li><li>Premere sulla foto profilo e successivamente su <strong>Impostazioni<\/strong><\/li><li>Apparir\u00e0 una barra che indica lo spazio rimanente<\/li><\/ol>\n\n<\/div>\n\t\t<\/div>\n<\/div>\n\n<div class=\"wp-block-ub-content-toggle wp-block-ub-content-toggle-block\" id=\"ub-content-toggle-block-e911f391-b1d6-4140-a6f5-ef94b65e441e\" data-mobilecollapse=\"true\" data-desktopcollapse=\"true\" data-preventcollapse=\"false\" data-showonlyone=\"false\">\n<div class=\"wp-block-ub-content-toggle-accordion\" style=\"border-color: #f1f1f1; \" id=\"ub-content-toggle-panel-block-\">\n\t\t\t<div class=\"wp-block-ub-content-toggle-accordion-title-wrap\" style=\"background-color: #f1f1f1;\" aria-controls=\"ub-content-toggle-panel-0-e911f391-b1d6-4140-a6f5-ef94b65e441e\" tabindex=\"0\">\n\t\t\t<p class=\"wp-block-ub-content-toggle-accordion-title ub-content-toggle-title-e911f391-b1d6-4140-a6f5-ef94b65e441e\" style=\"color: #000000; \">Verificare lo spazio libero usando un&#8217;applicazione desktop (Windows, macOS, Linux)<\/p>\n\t\t\t<div class=\"wp-block-ub-content-toggle-accordion-toggle-wrap right\" style=\"color: #000000;\"><span class=\"wp-block-ub-content-toggle-accordion-state-indicator wp-block-ub-chevron-down\"><\/span><\/div>\n\t\t<\/div>\n\t\t\t<div role=\"region\" aria-expanded=\"false\" class=\"wp-block-ub-content-toggle-accordion-content-wrap ub-hide\" id=\"ub-content-toggle-panel-0-e911f391-b1d6-4140-a6f5-ef94b65e441e\">\n\n<p>Premessa: Assicurati di aver <a href=\"https:\/\/www.szfs.cloud\/?page_id=339\"><mark style=\"background-color:rgba(0, 0, 0, 0)\" class=\"has-inline-color has-vivid-cyan-blue-color\">configurato correttamente SZFS Drive<\/mark><\/a> su desktop.<\/p>\n\n\n\n<p>Puoi verificare lo spazio libero sul proprio SZFS Drive con un&#8217;applicazione desktop seguendo i seguenti passaggi:<\/p>\n\n\n\n<ol class=\"wp-block-list\"><li>Fai click sull&#8217;icona del client di SZFS Drive (di solito simile a questa: <img loading=\"lazy\" decoding=\"async\" width=\"33\" height=\"24\" class=\"wp-image-1220\" style=\"width: 33px;\" src=\"https:\/\/www.szfs.cloud\/wp-content\/uploads\/2021\/08\/ok-icon-system-szfs-drive-desktop.png\" alt=\"\" srcset=\"https:\/\/www.szfs.cloud\/wp-content\/uploads\/2021\/08\/ok-icon-system-szfs-drive-desktop.png 33w, https:\/\/www.szfs.cloud\/wp-content\/uploads\/2021\/08\/ok-icon-system-szfs-drive-desktop-18x12.png 18w\" sizes=\"auto, (max-width: 33px) 100vw, 33px\" \/> ) e successivamente fai click su <strong>Settings<\/strong><\/li><li>Apparir\u00e0 una barra che indica lo spazio rimanente<\/li><\/ol>\n\n<\/div>\n\t\t<\/div>\n<\/div>\n\n<div class=\"wp-block-ub-content-toggle wp-block-ub-content-toggle-block\" id=\"ub-content-toggle-block-7d14bba4-b980-4a0e-9bfc-803bbc69d228\" data-mobilecollapse=\"true\" data-desktopcollapse=\"true\" data-preventcollapse=\"false\" data-showonlyone=\"false\">\n<div class=\"wp-block-ub-content-toggle-accordion\" style=\"border-color: #f1f1f1; \" id=\"ub-content-toggle-panel-block-\">\n\t\t\t<div class=\"wp-block-ub-content-toggle-accordion-title-wrap\" style=\"background-color: #f1f1f1;\" aria-controls=\"ub-content-toggle-panel-0-7d14bba4-b980-4a0e-9bfc-803bbc69d228\" tabindex=\"0\">\n\t\t\t<p class=\"wp-block-ub-content-toggle-accordion-title ub-content-toggle-title-7d14bba4-b980-4a0e-9bfc-803bbc69d228\" style=\"color: #000000; \">Verificare lo spazio libero usando un&#8217;applicazione mobile (iOS, Android)<\/p>\n\t\t\t<div class=\"wp-block-ub-content-toggle-accordion-toggle-wrap right\" style=\"color: #000000;\"><span class=\"wp-block-ub-content-toggle-accordion-state-indicator wp-block-ub-chevron-down\"><\/span><\/div>\n\t\t<\/div>\n\t\t\t<div role=\"region\" aria-expanded=\"false\" class=\"wp-block-ub-content-toggle-accordion-content-wrap ub-hide\" id=\"ub-content-toggle-panel-0-7d14bba4-b980-4a0e-9bfc-803bbc69d228\">\n\n<p>Premessa: Assicurati di aver <a href=\"https:\/\/www.szfs.cloud\/?page_id=339\"><mark style=\"background-color:rgba(0, 0, 0, 0)\" class=\"has-inline-color has-vivid-cyan-blue-color\">configurato correttamente SZFS Drive<\/mark><\/a> sul tuo dispositivo mobile.<\/p>\n\n\n<div class=\"wp-block-ub-content-toggle wp-block-ub-content-toggle-block\" id=\"ub-content-toggle-block-dbe5a077-2089-42c9-b782-972e39823ad7\" data-mobilecollapse=\"true\" data-desktopcollapse=\"true\" data-preventcollapse=\"false\" data-showonlyone=\"false\">\n<div class=\"wp-block-ub-content-toggle-accordion\" style=\"border-color: #f1f1f1; \" id=\"ub-content-toggle-panel-block-\">\n\t\t\t<div class=\"wp-block-ub-content-toggle-accordion-title-wrap\" style=\"background-color: #f1f1f1;\" aria-controls=\"ub-content-toggle-panel-0-dbe5a077-2089-42c9-b782-972e39823ad7\" tabindex=\"0\">\n\t\t\t<p class=\"wp-block-ub-content-toggle-accordion-title ub-content-toggle-title-dbe5a077-2089-42c9-b782-972e39823ad7\" style=\"color: #000000; \">Su iOS (iPhone, iPad)<\/p>\n\t\t\t<div class=\"wp-block-ub-content-toggle-accordion-toggle-wrap right\" style=\"color: #000000;\"><span class=\"wp-block-ub-content-toggle-accordion-state-indicator wp-block-ub-chevron-down\"><\/span><\/div>\n\t\t<\/div>\n\t\t\t<div role=\"region\" aria-expanded=\"false\" class=\"wp-block-ub-content-toggle-accordion-content-wrap ub-hide\" id=\"ub-content-toggle-panel-0-dbe5a077-2089-42c9-b782-972e39823ad7\">\n\n<p>Puoi verificare lo spazio libero sul proprio SZFS Drive con un&#8217;applicazione iOS seguendo i seguenti passaggi:<\/p>\n\n\n\n<ol class=\"wp-block-list\"><li>Apri il client di SZFS Drive (owncloud)<\/li><li>Se richiesto, premere su <strong>Access Files<\/strong><\/li><li>Scorrere in basso fino a raggiungere la fine della pagina<\/li><li>Apparir\u00e0 il numero di oggetti contenuti nella pagina seguito dallo spazio disponibile<\/li><\/ol>\n\n<\/div>\n\t\t<\/div>\n<\/div>\n\n<div class=\"wp-block-ub-content-toggle wp-block-ub-content-toggle-block\" id=\"ub-content-toggle-block-33cd017f-644d-452f-8e9d-d53ec2566cbe\" data-mobilecollapse=\"true\" data-desktopcollapse=\"true\" data-preventcollapse=\"false\" data-showonlyone=\"false\">\n<div class=\"wp-block-ub-content-toggle-accordion\" style=\"border-color: #f1f1f1; \" id=\"ub-content-toggle-panel-block-\">\n\t\t\t<div class=\"wp-block-ub-content-toggle-accordion-title-wrap\" style=\"background-color: #f1f1f1;\" aria-controls=\"ub-content-toggle-panel-0-33cd017f-644d-452f-8e9d-d53ec2566cbe\" tabindex=\"0\">\n\t\t\t<p class=\"wp-block-ub-content-toggle-accordion-title ub-content-toggle-title-33cd017f-644d-452f-8e9d-d53ec2566cbe\" style=\"color: #000000; \">Su Android<\/p>\n\t\t\t<div class=\"wp-block-ub-content-toggle-accordion-toggle-wrap right\" style=\"color: #000000;\"><span class=\"wp-block-ub-content-toggle-accordion-state-indicator wp-block-ub-chevron-down\"><\/span><\/div>\n\t\t<\/div>\n\t\t\t<div role=\"region\" aria-expanded=\"false\" class=\"wp-block-ub-content-toggle-accordion-content-wrap ub-hide\" id=\"ub-content-toggle-panel-0-33cd017f-644d-452f-8e9d-d53ec2566cbe\">\n\n<p>Puoi verificare lo spazio libero sul proprio SZFS Drive con un&#8217;applicazione Android seguendo i seguenti passaggi:<\/p>\n\n\n\n<ol class=\"wp-block-list\"><li>Apri il client di SZFS Drive (owncloud)<\/li><li>Apri il men\u00f9 laterale facendo scorrere il dito verso destra o premendo sull&#8217;apposita icona<\/li><li>Verr\u00e0 mostrato lo spazio rimanente<\/li><\/ol>\n\n<\/div>\n\t\t<\/div>\n<\/div>\n<\/div>\n\t\t<\/div>\n<\/div>","protected":false},"excerpt":{"rendered":"<p>SZFS Drive viene fornito con una grande variet\u00e0 di piani che possono adattarsi per quasi tutte le esigenze dell&#8217;utente finale.Tuttavia pu\u00f2 essere utile verificare lo spazio libero rimanente sul proprio SZFS Drive onde evitare di non poter pi\u00f9 eseguire la sincronizzazione dei dati. Di seguito potr\u00e0 interessarti anche quali sono i dati che possono occupare [&hellip;]<\/p>\n","protected":false},"author":1,"featured_media":0,"parent":0,"menu_order":0,"comment_status":"closed","ping_status":"closed","template":"","meta":{"footnotes":""},"class_list":["post-1632","page","type-page","status-publish","hentry"],"featured_image_src":null,"_links":{"self":[{"href":"https:\/\/www.szfs.cloud\/index.php?rest_route=\/wp\/v2\/pages\/1632","targetHints":{"allow":["GET"]}}],"collection":[{"href":"https:\/\/www.szfs.cloud\/index.php?rest_route=\/wp\/v2\/pages"}],"about":[{"href":"https:\/\/www.szfs.cloud\/index.php?rest_route=\/wp\/v2\/types\/page"}],"author":[{"embeddable":true,"href":"https:\/\/www.szfs.cloud\/index.php?rest_route=\/wp\/v2\/users\/1"}],"replies":[{"embeddable":true,"href":"https:\/\/www.szfs.cloud\/index.php?rest_route=%2Fwp%2Fv2%2Fcomments&post=1632"}],"version-history":[{"count":0,"href":"https:\/\/www.szfs.cloud\/index.php?rest_route=\/wp\/v2\/pages\/1632\/revisions"}],"wp:attachment":[{"href":"https:\/\/www.szfs.cloud\/index.php?rest_route=%2Fwp%2Fv2%2Fmedia&parent=1632"}],"curies":[{"name":"wp","href":"https:\/\/api.w.org\/{rel}","templated":true}]}}