{"id":1054,"date":"2021-06-25T17:04:52","date_gmt":"2021-06-25T15:04:52","guid":{"rendered":"https:\/\/www.szfs.cloud\/?page_id=1054"},"modified":"2022-06-12T12:05:06","modified_gmt":"2022-06-12T10:05:06","slug":"hosting-managed-o-unmanaged","status":"publish","type":"page","link":"https:\/\/www.szfs.cloud\/?page_id=1054","title":{"rendered":"Hosting managed o unmanaged?"},"content":{"rendered":"\n<p>Quando ci si trova ad acquistare un servizio di hosting molto spesso si pu\u00f2 notare la dicitura &#8220;<strong>managed<\/strong>&#8221; (gestito) oppure &#8220;<strong>unmanaged<\/strong>&#8221; (non gestito).<br>Sebbene a prima vista possa risultare come un qualcosa di &#8220;poco conto&#8221; (prezzi a parte) in realt\u00e0 sono due tipi di hosting rivolti ad un pubblico ben diverso.<br>Analizziamone le differenze.<\/p>\n\n\n\n<p><\/p>\n\n\n<div class=\"wp-block-ub-content-toggle wp-block-ub-content-toggle-block\" id=\"ub-content-toggle-block-b0f6d227-7bca-4fdf-a155-6bb6f72b41e9\" data-mobilecollapse=\"true\" data-desktopcollapse=\"true\" data-preventcollapse=\"false\" data-showonlyone=\"false\">\n<div class=\"wp-block-ub-content-toggle-accordion\" style=\"border-color: #f1f1f1; \" id=\"ub-content-toggle-panel-block-\">\n\t\t\t<div class=\"wp-block-ub-content-toggle-accordion-title-wrap\" style=\"background-color: #f1f1f1;\" aria-controls=\"ub-content-toggle-panel-0-b0f6d227-7bca-4fdf-a155-6bb6f72b41e9\" tabindex=\"0\">\n\t\t\t<p class=\"wp-block-ub-content-toggle-accordion-title ub-content-toggle-title-b0f6d227-7bca-4fdf-a155-6bb6f72b41e9\" style=\"color: #000000; \">Hosting unmanaged<\/p>\n\t\t\t<div class=\"wp-block-ub-content-toggle-accordion-toggle-wrap right\" style=\"color: #000000;\"><span class=\"wp-block-ub-content-toggle-accordion-state-indicator wp-block-ub-chevron-down\"><\/span><\/div>\n\t\t<\/div>\n\t\t\t<div role=\"region\" aria-expanded=\"false\" class=\"wp-block-ub-content-toggle-accordion-content-wrap ub-hide\" id=\"ub-content-toggle-panel-0-b0f6d227-7bca-4fdf-a155-6bb6f72b41e9\">\n\n<p>Per <strong>hosting unmanaged<\/strong> (non gestito),<strong> si intende un hosting la cui gestione \u00e8 affidata all&#8217;utente stesso<\/strong> (o ai suoi tecnici), di conseguenza l&#8217;hosting provider (ad esempio SZFS) relegher\u00e0 all&#8217;utente il compito di eseguire eventuali aggiornamenti, installazioni, manutenzioni e cos\u00ec via.<br>Un hosting unmanaged \u00e8 consigliato per l&#8217;utente esperto che dispone quindi di una certa competenza tecnica e proprio per l&#8217;assenza di supporto <strong>tende a costare di meno di un hosting managed<\/strong>.<\/p>\n\n\n\n<p><strong>NOTA: Il supporto base resta sempre disponibile gratuitamente<\/strong> <\/p>\n\n<\/div>\n\t\t<\/div>\n<\/div>\n\n<div class=\"wp-block-ub-content-toggle wp-block-ub-content-toggle-block\" id=\"ub-content-toggle-block-5fe1e4a3-4fbc-42e1-b678-51ad1f510ab5\" data-mobilecollapse=\"true\" data-desktopcollapse=\"true\" data-preventcollapse=\"false\" data-showonlyone=\"false\">\n<div class=\"wp-block-ub-content-toggle-accordion\" style=\"border-color: #f1f1f1; \" id=\"ub-content-toggle-panel-block-\">\n\t\t\t<div class=\"wp-block-ub-content-toggle-accordion-title-wrap\" style=\"background-color: #f1f1f1;\" aria-controls=\"ub-content-toggle-panel-0-5fe1e4a3-4fbc-42e1-b678-51ad1f510ab5\" tabindex=\"0\">\n\t\t\t<p class=\"wp-block-ub-content-toggle-accordion-title ub-content-toggle-title-5fe1e4a3-4fbc-42e1-b678-51ad1f510ab5\" style=\"color: #000000; \">Hosting managed<\/p>\n\t\t\t<div class=\"wp-block-ub-content-toggle-accordion-toggle-wrap right\" style=\"color: #000000;\"><span class=\"wp-block-ub-content-toggle-accordion-state-indicator wp-block-ub-chevron-down\"><\/span><\/div>\n\t\t<\/div>\n\t\t\t<div role=\"region\" aria-expanded=\"false\" class=\"wp-block-ub-content-toggle-accordion-content-wrap ub-hide\" id=\"ub-content-toggle-panel-0-5fe1e4a3-4fbc-42e1-b678-51ad1f510ab5\">\n\n<p>Per <strong>hosting managed<\/strong> (gestito), <strong>si intende un hosting la cui gestione a livello amministrativo \u00e8 affidata anche ad SZFS oltre che all&#8217;utente stesso<\/strong>, di conseguenza l&#8217;hosting provider (ad esempio SZFS) interverr\u00e0 in aiuto dell&#8217;utente finale gestendogli aggiornamenti, configurazioni, installazioni, <strong>ottimizzazioni<\/strong> e cos\u00ec via.<br>Altro vantaggio dell&#8217;hosting managed \u00e8 dato dall<strong>&#8216;analisi di eventuali problemi da parte di un tecnico senza che l&#8217;utente debba fare alcunch\u00e9<\/strong>.<br>Questo supporto extra \u00e8 definito anche &#8220;<strong>supporto avanzato<\/strong>&#8220;.<br>Proprio per tutti i fattori elencati in precedenza, un hosting managed <strong>tender\u00e0 a costare di pi\u00f9 di un semplice hosting managed<\/strong>.<\/p>\n\n<\/div>\n\t\t<\/div>\n<\/div>\n\n<div class=\"wp-block-ub-content-toggle wp-block-ub-content-toggle-block\" id=\"ub-content-toggle-block-14800b64-a2f0-4611-bd4f-0bf8ec3ff8f5\" data-mobilecollapse=\"true\" data-desktopcollapse=\"true\" data-preventcollapse=\"false\" data-showonlyone=\"false\">\n<div class=\"wp-block-ub-content-toggle-accordion\" style=\"border-color: #f1f1f1; \" id=\"ub-content-toggle-panel-block-\">\n\t\t\t<div class=\"wp-block-ub-content-toggle-accordion-title-wrap\" style=\"background-color: #f1f1f1;\" aria-controls=\"ub-content-toggle-panel-0-14800b64-a2f0-4611-bd4f-0bf8ec3ff8f5\" tabindex=\"0\">\n\t\t\t<p class=\"wp-block-ub-content-toggle-accordion-title ub-content-toggle-title-14800b64-a2f0-4611-bd4f-0bf8ec3ff8f5\" style=\"color: #000000; \">Quale scelgo?<\/p>\n\t\t\t<div class=\"wp-block-ub-content-toggle-accordion-toggle-wrap right\" style=\"color: #000000;\"><span class=\"wp-block-ub-content-toggle-accordion-state-indicator wp-block-ub-chevron-down\"><\/span><\/div>\n\t\t<\/div>\n\t\t\t<div role=\"region\" aria-expanded=\"false\" class=\"wp-block-ub-content-toggle-accordion-content-wrap ub-hide\" id=\"ub-content-toggle-panel-0-14800b64-a2f0-4611-bd4f-0bf8ec3ff8f5\">\n\n<p>Non esiste una regola univoca per poter scegliere il tipo di hosting dato che la scelta <strong>dipende dalle esigenze dell&#8217;utente finale e dal suo livello di competenze tecniche.<\/strong><br>In linea di massima, consigliamo un hosting managed agli utenti che vogliono dedicare le proprie risorse esclusivamente nello sviluppo del proprio sito senza perdere tempo con ottimizzazioni, manutenzioni e configurazioni.<br>Se l&#8217;utente non necessita del supporto avanzato allora pu\u00f2 tranquillamente affidarsi ad un hosting unmanaged.<br><br>Ora che hai le conoscenze necessarie per distinguere i vari tipi di hosting, puoi dare un&#8217;occhiata al nostro <a href=\"https:\/\/www.szfs.cloud\/?page_id=1115\"><mark style=\"background-color:rgba(0, 0, 0, 0)\" class=\"has-inline-color has-vivid-cyan-blue-color\">hosting WordPress managed<\/mark><\/a> ed al nostro <a href=\"https:\/\/www.szfs.cloud\/?page_id=1118\"><mark style=\"background-color:rgba(0, 0, 0, 0)\" class=\"has-inline-color has-vivid-cyan-blue-color\">hosting WordPress unmanaged<\/mark><\/a>.<\/p>\n\n<\/div>\n\t\t<\/div>\n<\/div>","protected":false},"excerpt":{"rendered":"<p>Quando ci si trova ad acquistare un servizio di hosting molto spesso si pu\u00f2 notare la dicitura &#8220;managed&#8221; (gestito) oppure &#8220;unmanaged&#8221; (non gestito).Sebbene a prima vista possa risultare come un qualcosa di &#8220;poco conto&#8221; (prezzi a parte) in realt\u00e0 sono due tipi di hosting rivolti ad un pubblico ben diverso.Analizziamone le differenze.<\/p>\n","protected":false},"author":1,"featured_media":0,"parent":0,"menu_order":0,"comment_status":"closed","ping_status":"closed","template":"","meta":{"footnotes":""},"class_list":["post-1054","page","type-page","status-publish","hentry"],"featured_image_src":null,"_links":{"self":[{"href":"https:\/\/www.szfs.cloud\/index.php?rest_route=\/wp\/v2\/pages\/1054","targetHints":{"allow":["GET"]}}],"collection":[{"href":"https:\/\/www.szfs.cloud\/index.php?rest_route=\/wp\/v2\/pages"}],"about":[{"href":"https:\/\/www.szfs.cloud\/index.php?rest_route=\/wp\/v2\/types\/page"}],"author":[{"embeddable":true,"href":"https:\/\/www.szfs.cloud\/index.php?rest_route=\/wp\/v2\/users\/1"}],"replies":[{"embeddable":true,"href":"https:\/\/www.szfs.cloud\/index.php?rest_route=%2Fwp%2Fv2%2Fcomments&post=1054"}],"version-history":[{"count":0,"href":"https:\/\/www.szfs.cloud\/index.php?rest_route=\/wp\/v2\/pages\/1054\/revisions"}],"wp:attachment":[{"href":"https:\/\/www.szfs.cloud\/index.php?rest_route=%2Fwp%2Fv2%2Fmedia&parent=1054"}],"curies":[{"name":"wp","href":"https:\/\/api.w.org\/{rel}","templated":true}]}}